{"id":12,"date":"2017-12-15T12:01:13","date_gmt":"2017-12-15T11:01:13","guid":{"rendered":"http:\/\/www.kleine-strolche-eitorf.de\/wordpress\/front-page\/"},"modified":"2018-10-30T21:17:00","modified_gmt":"2018-10-30T20:17:00","slug":"front-page","status":"publish","type":"page","link":"https:\/\/www.kleine-strolche-eitorf.de\/wordpress\/","title":{"rendered":"Herzlich Willkommen bei den \u201eKleinen Strolchen\u201c"},"content":{"rendered":"<blockquote><p>Die kleinen Strolche machen viel Unsinn und treiben allerlei Schabernack. So auch bei uns&#8230;<\/p><\/blockquote>\n<p><img loading=\"lazy\" decoding=\"async\" class=\"wp-image-34 alignleft\" src=\"http:\/\/www.kleine-strolche-eitorf.de\/wordpress\/wp-content\/uploads\/2017\/12\/IMG_3626-2-1-228x300.jpg\" alt=\"\" width=\"195\" height=\"257\" srcset=\"https:\/\/www.kleine-strolche-eitorf.de\/wordpress\/wp-content\/uploads\/2017\/12\/IMG_3626-2-1-228x300.jpg 228w, https:\/\/www.kleine-strolche-eitorf.de\/wordpress\/wp-content\/uploads\/2017\/12\/IMG_3626-2-1-768x1011.jpg 768w, https:\/\/www.kleine-strolche-eitorf.de\/wordpress\/wp-content\/uploads\/2017\/12\/IMG_3626-2-1-778x1024.jpg 778w\" sizes=\"auto, (max-width: 195px) 100vw, 195px\" \/><\/p>\n<p>Hier hat jeder Tag eine Menge zu bieten. Ob wildes Toben, flei\u00dfiges Basteln oder \u201ehochkonzentriertes\u201c Arbeiten an Vorschulaufgaben, es gibt immer genug zu erleben.<\/p>\n<p>Die Gemeinschaft wird dabei gro\u00df geschrieben, angefangen beim gemeinsamen Fr\u00fchst\u00fcck, musikalischer Fr\u00fcherziehung und dem erstem spielerischen Englischunterricht.<\/p>\n<p>&nbsp;<\/p>\n<p>Auf diesen Seiten findet Ihr weitere allgemeine Informationen zur Kindertagesst\u00e4tte aber auch aktuelle Meldungen und Aush\u00e4nge.<\/p>\n","protected":false},"excerpt":{"rendered":"<p>Die kleinen Strolche machen viel Unsinn und treiben allerlei Schabernack. So auch bei uns&#8230; Hier hat jeder Tag eine Menge zu bieten. Ob wildes Toben, flei\u00dfiges Basteln oder \u201ehochkonzentriertes\u201c Arbeiten an Vorschulaufgaben, es gibt immer genug zu erleben. Die Gemeinschaft wird dabei gro\u00df geschrieben, angefangen beim gemeinsamen Fr\u00fchst\u00fcck, musikalischer Fr\u00fcherziehung und dem erstem spielerischen Englischunterricht&#8230;.<\/p>\n","protected":false},"author":1,"featured_media":0,"parent":0,"menu_order":0,"comment_status":"closed","ping_status":"closed","template":"","meta":{"jetpack_post_was_ever_published":false,"footnotes":""},"class_list":["post-12","page","type-page","status-publish","hentry"],"jetpack_sharing_enabled":true,"jetpack_shortlink":"https:\/\/wp.me\/P9tvw9-c","_links":{"self":[{"href":"https:\/\/www.kleine-strolche-eitorf.de\/wordpress\/wp-json\/wp\/v2\/pages\/12","targetHints":{"allow":["GET"]}}],"collection":[{"href":"https:\/\/www.kleine-strolche-eitorf.de\/wordpress\/wp-json\/wp\/v2\/pages"}],"about":[{"href":"https:\/\/www.kleine-strolche-eitorf.de\/wordpress\/wp-json\/wp\/v2\/types\/page"}],"author":[{"embeddable":true,"href":"https:\/\/www.kleine-strolche-eitorf.de\/wordpress\/wp-json\/wp\/v2\/users\/1"}],"replies":[{"embeddable":true,"href":"https:\/\/www.kleine-strolche-eitorf.de\/wordpress\/wp-json\/wp\/v2\/comments?post=12"}],"version-history":[{"count":8,"href":"https:\/\/www.kleine-strolche-eitorf.de\/wordpress\/wp-json\/wp\/v2\/pages\/12\/revisions"}],"predecessor-version":[{"id":92,"href":"https:\/\/www.kleine-strolche-eitorf.de\/wordpress\/wp-json\/wp\/v2\/pages\/12\/revisions\/92"}],"wp:attachment":[{"href":"https:\/\/www.kleine-strolche-eitorf.de\/wordpress\/wp-json\/wp\/v2\/media?parent=12"}],"curies":[{"name":"wp","href":"https:\/\/api.w.org\/{rel}","templated":true}]}}